{"id":20,"date":"2016-12-09T09:53:36","date_gmt":"2016-12-09T09:53:36","guid":{"rendered":"http:\/\/www.nurvet.de\/?page_id=20"},"modified":"2025-10-14T09:30:41","modified_gmt":"2025-10-14T09:30:41","slug":"impressum-2","status":"publish","type":"page","link":"https:\/\/www.nurvet.de\/?page_id=20","title":{"rendered":"Impressum"},"content":{"rendered":"<p><strong>Angaben gem\u00e4\u00df \u00a7 5 TMG:<\/strong><\/p>\n<p>Nurvet GmbH<br \/>\nLudwig-Erhard-Platz 1<br \/>\n51373 Leverkusen<\/p>\n<p>Telefon:\u00a0+49 (0) 2261 &#8211; 9150198<br \/>\nFax:+49 (0) 2261 &#8211; 9150197<br \/>\nE-Mail: info@nurvet.de<\/p>\n<p>Registergericht: Amtsgericht Siegburg<br \/>\nRegisternummer: HRB 14096<br \/>\nUmsatzsteuer-Identifikationsnummer gem. \u00a7 27a UStG: DE290776491<\/p>\n<p>Inhaltlich Verantwortlicher: Dirk Valbert<br \/>\nGesch\u00e4ftsf\u00fchrer: Dirk Valbert, Thomas Liebig<\/p>\n<p><strong>Au\u00dfergerichtliche Streitschlichtungsverfahren:<br \/>\n<\/strong>Die Europ\u00e4ische Kommission hat eine Internetplattform zur au\u00dfergerichtlichen Online-Streitbeilegung von Verbraucherstreitigkeiten \u00fcber vertragliche Verpflichtungen aus Kauf- und Dienstleistungsvertr\u00e4gen, die online geschlossen wurden, eingerichtet. Sie k\u00f6nnen die Plattform unter dem folgenden Link erreichen: http:\/\/ec.europa.eu\/consumers\/odr\/<\/p>\n<p><strong>Hinweis gem\u00e4\u00df \u00a7 36 Verbraucherstreitbeilegungsgesetz (VSBG):<br \/>\n<\/strong>Wir sind zur Teilnahme an einem Streitbeilegungsverfahren vor einer Verbraucherschlichtungsstelle weder bereit noch verpflichtet.<\/p>\n<p><strong>Haftungshinweis:<br \/>\n<\/strong>Trotz sorgf\u00e4ltiger inhaltlicher Kontrolle \u00fcbernehmen wir keine Haftung f\u00fcr die Inhalte externer Links. F\u00fcr den Inhalt der verlinkten Seiten sind ausschlie\u00dflich deren Betreiber verantwortlich.<\/p>\n<p><strong>Copyright:<br \/>\n<\/strong>Das Copyright f\u00fcr ver\u00f6ffentlichte, selbst erstellte Objekte bleibt allein beim Autor der Seiten. Eine Vervielf\u00e4ltigung oder Verwendung solcher Grafiken, Tondokumente, Videosequenzen und Texte in anderen elektronischen oder gedruckten Publikationen ist ohne ausdr\u00fcckliche Zustimmung der Verantwortlichen nicht gestattet.<\/p>\n","protected":false},"excerpt":{"rendered":"<p>Angaben gem\u00e4\u00df \u00a7 5 TMG: Nurvet GmbH Ludwig-Erhard-Platz 1 51373 Leverkusen Telefon:\u00a0+49 (0) 2261 &#8211; 9150198 Fax:+49 (0) 2261 &#8211; 9150197 E-Mail: info@nurvet.de Registergericht: Amtsgericht Siegburg<span class=\"excerpt-hellip\"> [\u2026]<\/span><\/p>\n","protected":false},"author":3,"featured_media":0,"parent":0,"menu_order":0,"comment_status":"closed","ping_status":"closed","template":"","meta":[],"_links":{"self":[{"href":"https:\/\/www.nurvet.de\/index.php?rest_route=\/wp\/v2\/pages\/20"}],"collection":[{"href":"https:\/\/www.nurvet.de\/index.php?rest_route=\/wp\/v2\/pages"}],"about":[{"href":"https:\/\/www.nurvet.de\/index.php?rest_route=\/wp\/v2\/types\/page"}],"author":[{"embeddable":true,"href":"https:\/\/www.nurvet.de\/index.php?rest_route=\/wp\/v2\/users\/3"}],"replies":[{"embeddable":true,"href":"https:\/\/www.nurvet.de\/index.php?rest_route=%2Fwp%2Fv2%2Fcomments&post=20"}],"version-history":[{"count":8,"href":"https:\/\/www.nurvet.de\/index.php?rest_route=\/wp\/v2\/pages\/20\/revisions"}],"predecessor-version":[{"id":146,"href":"https:\/\/www.nurvet.de\/index.php?rest_route=\/wp\/v2\/pages\/20\/revisions\/146"}],"wp:attachment":[{"href":"https:\/\/www.nurvet.de\/index.php?rest_route=%2Fwp%2Fv2%2Fmedia&parent=20"}],"curies":[{"name":"wp","href":"https:\/\/api.w.org\/{rel}","templated":true}]}}